{"id":3066,"date":"2022-08-17T13:09:36","date_gmt":"2022-08-17T12:09:36","guid":{"rendered":"https:\/\/homemadeby.dk\/?post_type=product&#038;p=3066"},"modified":"2026-01-19T00:57:17","modified_gmt":"2026-01-18T23:57:17","slug":"oval-bakke-fersken-med-hvid-marmorering-og-sort-sommerfugl-og-skrift","status":"publish","type":"product","link":"https:\/\/homemadeby.dk\/index.php\/product\/oval-bakke-fersken-med-hvid-marmorering-og-sort-sommerfugl-og-skrift\/","title":{"rendered":"Oval bakke &#8211; fersken med hvid marmorering og sort sommerfugl og skrift"},"content":{"rendered":"<p>Jesmonite er et vand- og mineralbaseret, opl\u00f8sningsmiddelfrit, milj\u00f8venligt og b\u00e6redygtigt materiale. Det er st\u00e6rkt, fleksibelt og meget holdbart, hvilket g\u00f8r det meget slagfast &#8211; og s\u00e5 er det brandsikkert og meget lettere end beton og cement-produkter.<\/p>\n<div class=\"woocommerce-product-details__short-description description\">\n<p>Jesmonite-produktet er vandafvisende, men ikke vandfast og derfor ikke egnet til v\u00e5de elementer. Produkterne t\u00e5ler ikke at komme i opvaskemaskinen, men kan t\u00f8rres af med en fugtig klud.<\/p>\n<p>Lad ikke stearinlys br\u00e6nde helt ned i lysestagerne, da sod og stearin kan v\u00e6re sv\u00e6rt at f\u00e5 af med en fugtig klud.<\/p>\n<\/div>\n","protected":false},"excerpt":{"rendered":"<p>Oval bakke af jesmonite i en flot ferskenfarve, der er marmoreret med hvid og derefter p\u00e5sat fine sorte stickers af en sommerfugl og teksten &#8220;Butterflies&#8221;<\/p>\n<p>Bakken er ca. 18 cm lang, 9,5 cm bred og 1,5 cm h\u00f8j.<\/p>\n<p>Jesmonite-produkterne er h\u00e5ndlavede: r\u00f8rt, farvet, st\u00f8bt, h\u00e5ndslebet og derefter lakeret to gange med mat lak for at g\u00f8re produkterne mere modstandsdygtige overfor v\u00e6sker. Alle produkter har f\u00e5et monteret enten filtpuder eller kork under bunden, s\u00e5 de ikke ridser overflader.<\/p>\n<p>Der kan forekomme afvigelser i farve og m\u00f8nster, samt mindre luftbobler og andre sm\u00e5 uperfektheder ved unikke, h\u00e5ndlavede produkter &#8211; men de har ingen indflydelse p\u00e5 funktionen.<\/p>\n<p>L\u00e6s mere om materialet jesmonite og reng\u00f8ringen heraf under beskrivelse.<\/p>\n<p>&nbsp;<\/p>\n","protected":false},"featured_media":3067,"template":"","meta":[],"product_brand":[],"product_cat":[207,16],"product_tag":[256,271,252,253,333,332,45],"class_list":{"0":"post-3066","1":"product","2":"type-product","3":"status-publish","4":"has-post-thumbnail","6":"product_cat-bakker","7":"product_cat-interioer","8":"product_tag-bakke","9":"product_tag-fersken","10":"product_tag-jesmonite","11":"product_tag-marmorering","12":"product_tag-sommerfugl","13":"product_tag-stencil","14":"product_tag-unika","15":"product_shipping_class-interior","17":"first","18":"instock","19":"taxable","20":"shipping-taxable","21":"purchasable","22":"product-type-simple"},"yoast_head":"<!-- This site is optimized with the Yoast SEO plugin v27.3 - https:\/\/yoast.com\/product\/yoast-seo-wordpress\/ -->\n<title>Oval bakke - fersken med hvid marmorering og sort sommerfugl og skrift &#183; Homemade By<\/title>\n<meta name=\"description\" content=\"Oval bakke af jesmonite i en flot ferskenfarve, der er marmoreret med hvid og derefter p\u00e5sat fine sorte stickers af en sommerfugl og teksten &quot;Butterflies&quot;\" \/>\n<meta name=\"robots\" content=\"index, follow, max-snippet:-1, max-image-preview:large, max-video-preview:-1\" \/>\n<link rel=\"canonical\" href=\"https:\/\/homemadeby.dk\/index.php\/product\/oval-bakke-fersken-med-hvid-marmorering-og-sort-sommerfugl-og-skrift\/\" \/>\n<meta property=\"og:locale\" content=\"da_DK\" \/>\n<meta property=\"og:type\" content=\"article\" \/>\n<meta property=\"og:title\" content=\"Oval bakke - fersken med hvid marmorering og sort sommerfugl og skrift &#183; Homemade By\" \/>\n<meta property=\"og:description\" content=\"Oval bakke af jesmonite i en flot ferskenfarve, der er marmoreret med hvid og derefter p\u00e5sat fine sorte stickers af en sommerfugl og teksten &quot;Butterflies&quot;\" \/>\n<meta property=\"og:url\" content=\"https:\/\/homemadeby.dk\/index.php\/product\/oval-bakke-fersken-med-hvid-marmorering-og-sort-sommerfugl-og-skrift\/\" \/>\n<meta property=\"og:site_name\" content=\"Homemade By\" \/>\n<meta property=\"article:publisher\" content=\"https:\/\/www.facebook.com\/homemadebydotdk\" \/>\n<meta property=\"article:modified_time\" content=\"2026-01-18T23:57:17+00:00\" \/>\n<meta property=\"og:image\" content=\"https:\/\/homemadeby.dk\/wp-content\/uploads\/2022\/08\/Oval-bakke-fersken-marmoreret-med-sommerfugl-stickers-forsiden.jpg\" \/>\n\t<meta property=\"og:image:width\" content=\"1280\" \/>\n\t<meta property=\"og:image:height\" content=\"1280\" \/>\n\t<meta property=\"og:image:type\" content=\"image\/jpeg\" \/>\n<meta name=\"twitter:card\" content=\"summary_large_image\" \/>\n<meta name=\"twitter:label1\" content=\"Estimeret l\u00e6setid\" \/>\n\t<meta name=\"twitter:data1\" content=\"1 minut\" \/>\n<script type=\"application\/ld+json\" class=\"yoast-schema-graph\">{\"@context\":\"https:\\\/\\\/schema.org\",\"@graph\":[{\"@type\":\"WebPage\",\"@id\":\"https:\\\/\\\/homemadeby.dk\\\/index.php\\\/product\\\/oval-bakke-fersken-med-hvid-marmorering-og-sort-sommerfugl-og-skrift\\\/\",\"url\":\"https:\\\/\\\/homemadeby.dk\\\/index.php\\\/product\\\/oval-bakke-fersken-med-hvid-marmorering-og-sort-sommerfugl-og-skrift\\\/\",\"name\":\"Oval bakke - fersken med hvid marmorering og sort sommerfugl og skrift &#183; Homemade By\",\"isPartOf\":{\"@id\":\"https:\\\/\\\/homemadeby.dk\\\/#website\"},\"primaryImageOfPage\":{\"@id\":\"https:\\\/\\\/homemadeby.dk\\\/index.php\\\/product\\\/oval-bakke-fersken-med-hvid-marmorering-og-sort-sommerfugl-og-skrift\\\/#primaryimage\"},\"image\":{\"@id\":\"https:\\\/\\\/homemadeby.dk\\\/index.php\\\/product\\\/oval-bakke-fersken-med-hvid-marmorering-og-sort-sommerfugl-og-skrift\\\/#primaryimage\"},\"thumbnailUrl\":\"https:\\\/\\\/homemadeby.dk\\\/wp-content\\\/uploads\\\/2022\\\/08\\\/Oval-bakke-fersken-marmoreret-med-sommerfugl-stickers-forsiden.jpg\",\"datePublished\":\"2022-08-17T12:09:36+00:00\",\"dateModified\":\"2026-01-18T23:57:17+00:00\",\"description\":\"Oval bakke af jesmonite i en flot ferskenfarve, der er marmoreret med hvid og derefter p\u00e5sat fine sorte stickers af en sommerfugl og teksten \\\"Butterflies\\\"\",\"breadcrumb\":{\"@id\":\"https:\\\/\\\/homemadeby.dk\\\/index.php\\\/product\\\/oval-bakke-fersken-med-hvid-marmorering-og-sort-sommerfugl-og-skrift\\\/#breadcrumb\"},\"inLanguage\":\"da-DK\",\"potentialAction\":[{\"@type\":\"ReadAction\",\"target\":[\"https:\\\/\\\/homemadeby.dk\\\/index.php\\\/product\\\/oval-bakke-fersken-med-hvid-marmorering-og-sort-sommerfugl-og-skrift\\\/\"]}]},{\"@type\":\"ImageObject\",\"inLanguage\":\"da-DK\",\"@id\":\"https:\\\/\\\/homemadeby.dk\\\/index.php\\\/product\\\/oval-bakke-fersken-med-hvid-marmorering-og-sort-sommerfugl-og-skrift\\\/#primaryimage\",\"url\":\"https:\\\/\\\/homemadeby.dk\\\/wp-content\\\/uploads\\\/2022\\\/08\\\/Oval-bakke-fersken-marmoreret-med-sommerfugl-stickers-forsiden.jpg\",\"contentUrl\":\"https:\\\/\\\/homemadeby.dk\\\/wp-content\\\/uploads\\\/2022\\\/08\\\/Oval-bakke-fersken-marmoreret-med-sommerfugl-stickers-forsiden.jpg\",\"width\":1280,\"height\":1280},{\"@type\":\"BreadcrumbList\",\"@id\":\"https:\\\/\\\/homemadeby.dk\\\/index.php\\\/product\\\/oval-bakke-fersken-med-hvid-marmorering-og-sort-sommerfugl-og-skrift\\\/#breadcrumb\",\"itemListElement\":[{\"@type\":\"ListItem\",\"position\":1,\"name\":\"Hjem\",\"item\":\"https:\\\/\\\/homemadeby.dk\\\/\"},{\"@type\":\"ListItem\",\"position\":2,\"name\":\"Varer\",\"item\":\"https:\\\/\\\/homemadeby.dk\\\/index.php\\\/shop\\\/\"},{\"@type\":\"ListItem\",\"position\":3,\"name\":\"Oval bakke &#8211; fersken med hvid marmorering og sort sommerfugl og skrift\"}]},{\"@type\":\"WebSite\",\"@id\":\"https:\\\/\\\/homemadeby.dk\\\/#website\",\"url\":\"https:\\\/\\\/homemadeby.dk\\\/\",\"name\":\"Homemade By\",\"description\":\"Designer, producerer og s\u00e6lger hjemmelavet kvalitetsh\u00e5ndv\u00e6rk, fx smykker, interi\u00f8r, pynt og gaveartikler\",\"publisher\":{\"@id\":\"https:\\\/\\\/homemadeby.dk\\\/#organization\"},\"potentialAction\":[{\"@type\":\"SearchAction\",\"target\":{\"@type\":\"EntryPoint\",\"urlTemplate\":\"https:\\\/\\\/homemadeby.dk\\\/?s={search_term_string}\"},\"query-input\":{\"@type\":\"PropertyValueSpecification\",\"valueRequired\":true,\"valueName\":\"search_term_string\"}}],\"inLanguage\":\"da-DK\"},{\"@type\":\"Organization\",\"@id\":\"https:\\\/\\\/homemadeby.dk\\\/#organization\",\"name\":\"HomemadeBy\",\"url\":\"https:\\\/\\\/homemadeby.dk\\\/\",\"logo\":{\"@type\":\"ImageObject\",\"inLanguage\":\"da-DK\",\"@id\":\"https:\\\/\\\/homemadeby.dk\\\/#\\\/schema\\\/logo\\\/image\\\/\",\"url\":\"https:\\\/\\\/homemadeby.dk\\\/wp-content\\\/uploads\\\/2021\\\/09\\\/Logo_green.png\",\"contentUrl\":\"https:\\\/\\\/homemadeby.dk\\\/wp-content\\\/uploads\\\/2021\\\/09\\\/Logo_green.png\",\"width\":65,\"height\":58,\"caption\":\"HomemadeBy\"},\"image\":{\"@id\":\"https:\\\/\\\/homemadeby.dk\\\/#\\\/schema\\\/logo\\\/image\\\/\"},\"sameAs\":[\"https:\\\/\\\/www.facebook.com\\\/homemadebydotdk\",\"https:\\\/\\\/www.instagram.com\\\/homemadeby.dk\\\/\"]}]}<\/script>\n<!-- \/ Yoast SEO plugin. -->","yoast_head_json":{"title":"Oval bakke - fersken med hvid marmorering og sort sommerfugl og skrift &#183; Homemade By","description":"Oval bakke af jesmonite i en flot ferskenfarve, der er marmoreret med hvid og derefter p\u00e5sat fine sorte stickers af en sommerfugl og teksten \"Butterflies\"","robots":{"index":"index","follow":"follow","max-snippet":"max-snippet:-1","max-image-preview":"max-image-preview:large","max-video-preview":"max-video-preview:-1"},"canonical":"https:\/\/homemadeby.dk\/index.php\/product\/oval-bakke-fersken-med-hvid-marmorering-og-sort-sommerfugl-og-skrift\/","og_locale":"da_DK","og_type":"article","og_title":"Oval bakke - fersken med hvid marmorering og sort sommerfugl og skrift &#183; Homemade By","og_description":"Oval bakke af jesmonite i en flot ferskenfarve, der er marmoreret med hvid og derefter p\u00e5sat fine sorte stickers af en sommerfugl og teksten \"Butterflies\"","og_url":"https:\/\/homemadeby.dk\/index.php\/product\/oval-bakke-fersken-med-hvid-marmorering-og-sort-sommerfugl-og-skrift\/","og_site_name":"Homemade By","article_publisher":"https:\/\/www.facebook.com\/homemadebydotdk","article_modified_time":"2026-01-18T23:57:17+00:00","og_image":[{"width":1280,"height":1280,"url":"https:\/\/homemadeby.dk\/wp-content\/uploads\/2022\/08\/Oval-bakke-fersken-marmoreret-med-sommerfugl-stickers-forsiden.jpg","type":"image\/jpeg"}],"twitter_card":"summary_large_image","twitter_misc":{"Estimeret l\u00e6setid":"1 minut"},"schema":{"@context":"https:\/\/schema.org","@graph":[{"@type":"WebPage","@id":"https:\/\/homemadeby.dk\/index.php\/product\/oval-bakke-fersken-med-hvid-marmorering-og-sort-sommerfugl-og-skrift\/","url":"https:\/\/homemadeby.dk\/index.php\/product\/oval-bakke-fersken-med-hvid-marmorering-og-sort-sommerfugl-og-skrift\/","name":"Oval bakke - fersken med hvid marmorering og sort sommerfugl og skrift &#183; Homemade By","isPartOf":{"@id":"https:\/\/homemadeby.dk\/#website"},"primaryImageOfPage":{"@id":"https:\/\/homemadeby.dk\/index.php\/product\/oval-bakke-fersken-med-hvid-marmorering-og-sort-sommerfugl-og-skrift\/#primaryimage"},"image":{"@id":"https:\/\/homemadeby.dk\/index.php\/product\/oval-bakke-fersken-med-hvid-marmorering-og-sort-sommerfugl-og-skrift\/#primaryimage"},"thumbnailUrl":"https:\/\/homemadeby.dk\/wp-content\/uploads\/2022\/08\/Oval-bakke-fersken-marmoreret-med-sommerfugl-stickers-forsiden.jpg","datePublished":"2022-08-17T12:09:36+00:00","dateModified":"2026-01-18T23:57:17+00:00","description":"Oval bakke af jesmonite i en flot ferskenfarve, der er marmoreret med hvid og derefter p\u00e5sat fine sorte stickers af en sommerfugl og teksten \"Butterflies\"","breadcrumb":{"@id":"https:\/\/homemadeby.dk\/index.php\/product\/oval-bakke-fersken-med-hvid-marmorering-og-sort-sommerfugl-og-skrift\/#breadcrumb"},"inLanguage":"da-DK","potentialAction":[{"@type":"ReadAction","target":["https:\/\/homemadeby.dk\/index.php\/product\/oval-bakke-fersken-med-hvid-marmorering-og-sort-sommerfugl-og-skrift\/"]}]},{"@type":"ImageObject","inLanguage":"da-DK","@id":"https:\/\/homemadeby.dk\/index.php\/product\/oval-bakke-fersken-med-hvid-marmorering-og-sort-sommerfugl-og-skrift\/#primaryimage","url":"https:\/\/homemadeby.dk\/wp-content\/uploads\/2022\/08\/Oval-bakke-fersken-marmoreret-med-sommerfugl-stickers-forsiden.jpg","contentUrl":"https:\/\/homemadeby.dk\/wp-content\/uploads\/2022\/08\/Oval-bakke-fersken-marmoreret-med-sommerfugl-stickers-forsiden.jpg","width":1280,"height":1280},{"@type":"BreadcrumbList","@id":"https:\/\/homemadeby.dk\/index.php\/product\/oval-bakke-fersken-med-hvid-marmorering-og-sort-sommerfugl-og-skrift\/#breadcrumb","itemListElement":[{"@type":"ListItem","position":1,"name":"Hjem","item":"https:\/\/homemadeby.dk\/"},{"@type":"ListItem","position":2,"name":"Varer","item":"https:\/\/homemadeby.dk\/index.php\/shop\/"},{"@type":"ListItem","position":3,"name":"Oval bakke &#8211; fersken med hvid marmorering og sort sommerfugl og skrift"}]},{"@type":"WebSite","@id":"https:\/\/homemadeby.dk\/#website","url":"https:\/\/homemadeby.dk\/","name":"Homemade By","description":"Designer, producerer og s\u00e6lger hjemmelavet kvalitetsh\u00e5ndv\u00e6rk, fx smykker, interi\u00f8r, pynt og gaveartikler","publisher":{"@id":"https:\/\/homemadeby.dk\/#organization"},"potentialAction":[{"@type":"SearchAction","target":{"@type":"EntryPoint","urlTemplate":"https:\/\/homemadeby.dk\/?s={search_term_string}"},"query-input":{"@type":"PropertyValueSpecification","valueRequired":true,"valueName":"search_term_string"}}],"inLanguage":"da-DK"},{"@type":"Organization","@id":"https:\/\/homemadeby.dk\/#organization","name":"HomemadeBy","url":"https:\/\/homemadeby.dk\/","logo":{"@type":"ImageObject","inLanguage":"da-DK","@id":"https:\/\/homemadeby.dk\/#\/schema\/logo\/image\/","url":"https:\/\/homemadeby.dk\/wp-content\/uploads\/2021\/09\/Logo_green.png","contentUrl":"https:\/\/homemadeby.dk\/wp-content\/uploads\/2021\/09\/Logo_green.png","width":65,"height":58,"caption":"HomemadeBy"},"image":{"@id":"https:\/\/homemadeby.dk\/#\/schema\/logo\/image\/"},"sameAs":["https:\/\/www.facebook.com\/homemadebydotdk","https:\/\/www.instagram.com\/homemadeby.dk\/"]}]}},"_links":{"self":[{"href":"https:\/\/homemadeby.dk\/index.php\/wp-json\/wp\/v2\/product\/3066","targetHints":{"allow":["GET"]}}],"collection":[{"href":"https:\/\/homemadeby.dk\/index.php\/wp-json\/wp\/v2\/product"}],"about":[{"href":"https:\/\/homemadeby.dk\/index.php\/wp-json\/wp\/v2\/types\/product"}],"wp:featuredmedia":[{"embeddable":true,"href":"https:\/\/homemadeby.dk\/index.php\/wp-json\/wp\/v2\/media\/3067"}],"wp:attachment":[{"href":"https:\/\/homemadeby.dk\/index.php\/wp-json\/wp\/v2\/media?parent=3066"}],"wp:term":[{"taxonomy":"product_brand","embeddable":true,"href":"https:\/\/homemadeby.dk\/index.php\/wp-json\/wp\/v2\/product_brand?post=3066"},{"taxonomy":"product_cat","embeddable":true,"href":"https:\/\/homemadeby.dk\/index.php\/wp-json\/wp\/v2\/product_cat?post=3066"},{"taxonomy":"product_tag","embeddable":true,"href":"https:\/\/homemadeby.dk\/index.php\/wp-json\/wp\/v2\/product_tag?post=3066"}],"curies":[{"name":"wp","href":"https:\/\/api.w.org\/{rel}","templated":true}]}}