{"id":4047,"date":"2022-12-12T22:28:05","date_gmt":"2022-12-12T21:28:05","guid":{"rendered":"https:\/\/homemadeby.dk\/?post_type=product&#038;p=4047"},"modified":"2025-10-05T22:09:15","modified_gmt":"2025-10-05T21:09:15","slug":"oerekroge-med-kaede-og-facetterede-ovale-rosakvartsperler-og-forgyldte-blade","status":"publish","type":"product","link":"https:\/\/homemadeby.dk\/index.php\/product\/oerekroge-med-kaede-og-facetterede-ovale-rosakvartsperler-og-forgyldte-blade\/","title":{"rendered":"\u00d8rekroge med k\u00e6de og facetterede ovale rosakvartsperler og forgyldte blade"},"content":{"rendered":"<header class=\"PageHeader\">\n<div class=\"SectionHeader SectionHeader--center\">\n<p class=\"SectionHeader__Heading Heading u-h1\">\u00d8rekroge med k\u00e6de og facetterede ovale rosakvartsperler og forgyldte blade<\/p>\n<h6 class=\"SectionHeader__Heading Heading u-h1\">Gode r\u00e5d til at holde dine smykker smukke og forl\u00e6nge holdbarheden<\/h6>\n<\/div>\n<\/header>\n<div class=\"PageContent PageContent--narrow Rte\">\n<p>Vores smykker er enten af 925 sterlings\u00f8lv eller 18 karat forgyldt 925 sterlings\u00f8lv (hvis andet ikke er oplyst), der med tiden slides af. S\u00f8lvsmykker irrer, n\u00e5r de er i kontakt med luften. Det betyder, at dit s\u00f8lvsmykke gradvist vil skifte farve.<\/p>\n<p>Hvor lang tid begge dele tager afh\u00e6nger af flere faktorer, fx din huds ph-v\u00e6rdi og hvilke p\u00e5virkninger dine smykker bliver udsat for. Derfor anbefaler vi, at du opbevarer dine smykker i en luftt\u00e6t pose eller skrin, n\u00e5r du ikke bruger dem, for at forhindre denne proces.<\/p>\n<p>V\u00e6r ogs\u00e5 opm\u00e6rksom p\u00e5, at naturmaterialer, som fx halv\u00e6delsten, ferskvandperler og krystaller, kan miste b\u00e5de farve, glans og holdbarhed ved forskellige p\u00e5virkninger.<\/p>\n<p>Derfor anbefaler vi, at du tager dine smykker af, n\u00e5r du<\/p>\n<\/div>\n<div class=\"PageContent PageContent--narrow Rte\">\n<ul>\n<li>skal p\u00e5 stranden, i swimmingpool, spabad eller lign. (klor, salt og sand er ikke godt for dine smykker)<\/li>\n<li>skal g\u00f8re rent (reng\u00f8ringsmidler g\u00f8r ikke dine smykker godt).<\/li>\n<li>dyrker sport, sover eller solbader (hverken s\u00f8lv eller guld har godt af sved, da sved og kroppens ph-balance kan p\u00e5virke smykkets bel\u00e6gning)<\/li>\n<li>g\u00e5r i bad eller vasker h\u00e6nder.<\/li>\n<li>s\u00e6tter h\u00e5r eller lign. (undg\u00e5 at smykkerne f\u00e5r kontakt med h\u00e5rlak, cremer, parfume eller kosmetik).<\/li>\n<\/ul>\n<p>Rens gerne smykkerne regelm\u00e6ssigt. En smykkeklud, en bl\u00f8d klud med mildt opvaskemiddel og lunkent vand og en bl\u00f8d tandb\u00f8rste kan klare de fleste opgaver.<\/p>\n<\/div>\n","protected":false},"excerpt":{"rendered":"<p>\u00d8rekroge med k\u00e6de og facetterede ovale rosakvartsperler og forgyldte blade<\/p>\n<p>\u00d8rekroge med k\u00e6de af 18 karat forgyldt 925 sterlings\u00f8lv med fine, facetterede ovale rosakvartsperler og forgyldte messingblade. Lette og elegante.<\/p>\n<p>\u00d8reringene er ca. 70 mm lange foran \u00f8ret og 78 mm bag \u00f8ret.<\/p>\n<p>\u00d8reringene kan ogs\u00e5 leveres med \u00f8rekroge eller 15\/20 mm kreoler &#8211; selvf\u00f8lgelig ogs\u00e5 i 18 karat forgyldt 925 sterlings\u00f8lv.<\/p>\n<p>\u00d8reringene er designet og h\u00e5ndlavet af Homemade By.<\/p>\n","protected":false},"featured_media":6911,"template":"","meta":[],"product_brand":[1037],"product_cat":[22,19],"product_tag":[1121,126,1130,1081,1146,1122,44,1135,1085,144,1078,636,1115,36,1119,912,1080,1138,909,792,1124,63,1145,1113,1144,1147,125,467,1082,568,376,1125,1120,1123,1134],"class_list":{"0":"post-4047","1":"product","2":"type-product","3":"status-publish","4":"has-post-thumbnail","6":"product_brand-homemade-by","7":"product_cat-oreringe","8":"product_cat-smykker","9":"product_tag-18-karat-forgyldt","10":"product_tag-blad","11":"product_tag-boheme-smykker","12":"product_tag-dansk-design","13":"product_tag-designoereringe","14":"product_tag-elegant-design","15":"product_tag-facet","16":"product_tag-feminine-smykker","17":"product_tag-festoereringe","18":"product_tag-forgyldt","19":"product_tag-forgyldt-soelv","20":"product_tag-forgyldte","21":"product_tag-gave-til-hende","22":"product_tag-guld","23":"product_tag-guldoereringe","24":"product_tag-haandlavede","25":"product_tag-haandlavede-smykker","26":"product_tag-haandlavet-kvalitet","27":"product_tag-homemade-by","28":"product_tag-homemadeby","29":"product_tag-hverdagsoereringe","30":"product_tag-kaede","31":"product_tag-kaedeoerering","32":"product_tag-klassiske-oereringe","33":"product_tag-lang-oerering","34":"product_tag-lette-oereringe","35":"product_tag-oerekroge","36":"product_tag-oereringe","37":"product_tag-perleoereringe","38":"product_tag-perler","39":"product_tag-rosakvarts","40":"product_tag-smykkeglaede","41":"product_tag-smykker-i-soelv-og-guld","42":"product_tag-smykker-til-kvinder","43":"product_tag-unika-smykker","44":"product_shipping_class-smykker","46":"first","47":"instock","48":"taxable","49":"shipping-taxable","50":"purchasable","51":"product-type-simple"},"yoast_head":"<!-- This site is optimized with the Yoast SEO plugin v27.3 - https:\/\/yoast.com\/product\/yoast-seo-wordpress\/ -->\n<title>\u00d8rekroge med k\u00e6de og facetterede rosakvartsperler og forgyldte blade<\/title>\n<meta name=\"description\" content=\"\u00d8rekroge med k\u00e6de af 18 karat forgyldt 925 sterlings\u00f8lv med fine, facetterede ovale rosakvartsperler og forgyldte messingblade. Lette og elegante.\" \/>\n<meta name=\"robots\" content=\"index, follow, max-snippet:-1, max-image-preview:large, max-video-preview:-1\" \/>\n<link rel=\"canonical\" href=\"https:\/\/homemadeby.dk\/index.php\/product\/oerekroge-med-kaede-og-facetterede-ovale-rosakvartsperler-og-forgyldte-blade\/\" \/>\n<meta property=\"og:locale\" content=\"da_DK\" \/>\n<meta property=\"og:type\" content=\"article\" \/>\n<meta property=\"og:title\" content=\"\u00d8rekroge med k\u00e6de og facetterede rosakvartsperler og forgyldte blade\" \/>\n<meta property=\"og:description\" content=\"\u00d8rekroge med k\u00e6de af 18 karat forgyldt 925 sterlings\u00f8lv med fine, facetterede ovale rosakvartsperler og forgyldte messingblade. Lette og elegante.\" \/>\n<meta property=\"og:url\" content=\"https:\/\/homemadeby.dk\/index.php\/product\/oerekroge-med-kaede-og-facetterede-ovale-rosakvartsperler-og-forgyldte-blade\/\" \/>\n<meta property=\"og:site_name\" content=\"Homemade By\" \/>\n<meta property=\"article:publisher\" content=\"https:\/\/www.facebook.com\/homemadebydotdk\" \/>\n<meta property=\"article:modified_time\" content=\"2025-10-05T21:09:15+00:00\" \/>\n<meta property=\"og:image\" content=\"https:\/\/homemadeby.dk\/wp-content\/uploads\/2022\/12\/FG-oerekroge-med-kaede-75-mm-med-facetterede-aflange-perler-af-rosakvarts-og-forgyldte-filigranblade.jpeg\" \/>\n\t<meta property=\"og:image:width\" content=\"1024\" \/>\n\t<meta property=\"og:image:height\" content=\"1024\" \/>\n\t<meta property=\"og:image:type\" content=\"image\/jpeg\" \/>\n<meta name=\"twitter:card\" content=\"summary_large_image\" \/>\n<script type=\"application\/ld+json\" class=\"yoast-schema-graph\">{\"@context\":\"https:\\\/\\\/schema.org\",\"@graph\":[{\"@type\":\"WebPage\",\"@id\":\"https:\\\/\\\/homemadeby.dk\\\/index.php\\\/product\\\/oerekroge-med-kaede-og-facetterede-ovale-rosakvartsperler-og-forgyldte-blade\\\/\",\"url\":\"https:\\\/\\\/homemadeby.dk\\\/index.php\\\/product\\\/oerekroge-med-kaede-og-facetterede-ovale-rosakvartsperler-og-forgyldte-blade\\\/\",\"name\":\"\u00d8rekroge med k\u00e6de og facetterede rosakvartsperler og forgyldte blade\",\"isPartOf\":{\"@id\":\"https:\\\/\\\/homemadeby.dk\\\/#website\"},\"primaryImageOfPage\":{\"@id\":\"https:\\\/\\\/homemadeby.dk\\\/index.php\\\/product\\\/oerekroge-med-kaede-og-facetterede-ovale-rosakvartsperler-og-forgyldte-blade\\\/#primaryimage\"},\"image\":{\"@id\":\"https:\\\/\\\/homemadeby.dk\\\/index.php\\\/product\\\/oerekroge-med-kaede-og-facetterede-ovale-rosakvartsperler-og-forgyldte-blade\\\/#primaryimage\"},\"thumbnailUrl\":\"https:\\\/\\\/homemadeby.dk\\\/wp-content\\\/uploads\\\/2022\\\/12\\\/FG-oerekroge-med-kaede-75-mm-med-facetterede-aflange-perler-af-rosakvarts-og-forgyldte-filigranblade.jpeg\",\"datePublished\":\"2022-12-12T21:28:05+00:00\",\"dateModified\":\"2025-10-05T21:09:15+00:00\",\"description\":\"\u00d8rekroge med k\u00e6de af 18 karat forgyldt 925 sterlings\u00f8lv med fine, facetterede ovale rosakvartsperler og forgyldte messingblade. Lette og elegante.\",\"breadcrumb\":{\"@id\":\"https:\\\/\\\/homemadeby.dk\\\/index.php\\\/product\\\/oerekroge-med-kaede-og-facetterede-ovale-rosakvartsperler-og-forgyldte-blade\\\/#breadcrumb\"},\"inLanguage\":\"da-DK\",\"potentialAction\":[{\"@type\":\"ReadAction\",\"target\":[\"https:\\\/\\\/homemadeby.dk\\\/index.php\\\/product\\\/oerekroge-med-kaede-og-facetterede-ovale-rosakvartsperler-og-forgyldte-blade\\\/\"]}]},{\"@type\":\"ImageObject\",\"inLanguage\":\"da-DK\",\"@id\":\"https:\\\/\\\/homemadeby.dk\\\/index.php\\\/product\\\/oerekroge-med-kaede-og-facetterede-ovale-rosakvartsperler-og-forgyldte-blade\\\/#primaryimage\",\"url\":\"https:\\\/\\\/homemadeby.dk\\\/wp-content\\\/uploads\\\/2022\\\/12\\\/FG-oerekroge-med-kaede-75-mm-med-facetterede-aflange-perler-af-rosakvarts-og-forgyldte-filigranblade.jpeg\",\"contentUrl\":\"https:\\\/\\\/homemadeby.dk\\\/wp-content\\\/uploads\\\/2022\\\/12\\\/FG-oerekroge-med-kaede-75-mm-med-facetterede-aflange-perler-af-rosakvarts-og-forgyldte-filigranblade.jpeg\",\"width\":1024,\"height\":1024,\"caption\":\"\u00d8rekroge med k\u00e6de og facetterede ovale rosakvartsperler og forgyldte blade - h\u00e5ndlavet af Homemade By\"},{\"@type\":\"BreadcrumbList\",\"@id\":\"https:\\\/\\\/homemadeby.dk\\\/index.php\\\/product\\\/oerekroge-med-kaede-og-facetterede-ovale-rosakvartsperler-og-forgyldte-blade\\\/#breadcrumb\",\"itemListElement\":[{\"@type\":\"ListItem\",\"position\":1,\"name\":\"Hjem\",\"item\":\"https:\\\/\\\/homemadeby.dk\\\/\"},{\"@type\":\"ListItem\",\"position\":2,\"name\":\"Varer\",\"item\":\"https:\\\/\\\/homemadeby.dk\\\/index.php\\\/shop\\\/\"},{\"@type\":\"ListItem\",\"position\":3,\"name\":\"\u00d8rekroge med k\u00e6de og facetterede ovale rosakvartsperler og forgyldte blade\"}]},{\"@type\":\"WebSite\",\"@id\":\"https:\\\/\\\/homemadeby.dk\\\/#website\",\"url\":\"https:\\\/\\\/homemadeby.dk\\\/\",\"name\":\"Homemade By\",\"description\":\"Designer, producerer og s\u00e6lger hjemmelavet kvalitetsh\u00e5ndv\u00e6rk, fx smykker, interi\u00f8r, pynt og gaveartikler\",\"publisher\":{\"@id\":\"https:\\\/\\\/homemadeby.dk\\\/#organization\"},\"potentialAction\":[{\"@type\":\"SearchAction\",\"target\":{\"@type\":\"EntryPoint\",\"urlTemplate\":\"https:\\\/\\\/homemadeby.dk\\\/?s={search_term_string}\"},\"query-input\":{\"@type\":\"PropertyValueSpecification\",\"valueRequired\":true,\"valueName\":\"search_term_string\"}}],\"inLanguage\":\"da-DK\"},{\"@type\":\"Organization\",\"@id\":\"https:\\\/\\\/homemadeby.dk\\\/#organization\",\"name\":\"HomemadeBy\",\"url\":\"https:\\\/\\\/homemadeby.dk\\\/\",\"logo\":{\"@type\":\"ImageObject\",\"inLanguage\":\"da-DK\",\"@id\":\"https:\\\/\\\/homemadeby.dk\\\/#\\\/schema\\\/logo\\\/image\\\/\",\"url\":\"https:\\\/\\\/homemadeby.dk\\\/wp-content\\\/uploads\\\/2021\\\/09\\\/Logo_green.png\",\"contentUrl\":\"https:\\\/\\\/homemadeby.dk\\\/wp-content\\\/uploads\\\/2021\\\/09\\\/Logo_green.png\",\"width\":65,\"height\":58,\"caption\":\"HomemadeBy\"},\"image\":{\"@id\":\"https:\\\/\\\/homemadeby.dk\\\/#\\\/schema\\\/logo\\\/image\\\/\"},\"sameAs\":[\"https:\\\/\\\/www.facebook.com\\\/homemadebydotdk\",\"https:\\\/\\\/www.instagram.com\\\/homemadeby.dk\\\/\"]}]}<\/script>\n<!-- \/ Yoast SEO plugin. -->","yoast_head_json":{"title":"\u00d8rekroge med k\u00e6de og facetterede rosakvartsperler og forgyldte blade","description":"\u00d8rekroge med k\u00e6de af 18 karat forgyldt 925 sterlings\u00f8lv med fine, facetterede ovale rosakvartsperler og forgyldte messingblade. Lette og elegante.","robots":{"index":"index","follow":"follow","max-snippet":"max-snippet:-1","max-image-preview":"max-image-preview:large","max-video-preview":"max-video-preview:-1"},"canonical":"https:\/\/homemadeby.dk\/index.php\/product\/oerekroge-med-kaede-og-facetterede-ovale-rosakvartsperler-og-forgyldte-blade\/","og_locale":"da_DK","og_type":"article","og_title":"\u00d8rekroge med k\u00e6de og facetterede rosakvartsperler og forgyldte blade","og_description":"\u00d8rekroge med k\u00e6de af 18 karat forgyldt 925 sterlings\u00f8lv med fine, facetterede ovale rosakvartsperler og forgyldte messingblade. Lette og elegante.","og_url":"https:\/\/homemadeby.dk\/index.php\/product\/oerekroge-med-kaede-og-facetterede-ovale-rosakvartsperler-og-forgyldte-blade\/","og_site_name":"Homemade By","article_publisher":"https:\/\/www.facebook.com\/homemadebydotdk","article_modified_time":"2025-10-05T21:09:15+00:00","og_image":[{"width":1024,"height":1024,"url":"https:\/\/homemadeby.dk\/wp-content\/uploads\/2022\/12\/FG-oerekroge-med-kaede-75-mm-med-facetterede-aflange-perler-af-rosakvarts-og-forgyldte-filigranblade.jpeg","type":"image\/jpeg"}],"twitter_card":"summary_large_image","schema":{"@context":"https:\/\/schema.org","@graph":[{"@type":"WebPage","@id":"https:\/\/homemadeby.dk\/index.php\/product\/oerekroge-med-kaede-og-facetterede-ovale-rosakvartsperler-og-forgyldte-blade\/","url":"https:\/\/homemadeby.dk\/index.php\/product\/oerekroge-med-kaede-og-facetterede-ovale-rosakvartsperler-og-forgyldte-blade\/","name":"\u00d8rekroge med k\u00e6de og facetterede rosakvartsperler og forgyldte blade","isPartOf":{"@id":"https:\/\/homemadeby.dk\/#website"},"primaryImageOfPage":{"@id":"https:\/\/homemadeby.dk\/index.php\/product\/oerekroge-med-kaede-og-facetterede-ovale-rosakvartsperler-og-forgyldte-blade\/#primaryimage"},"image":{"@id":"https:\/\/homemadeby.dk\/index.php\/product\/oerekroge-med-kaede-og-facetterede-ovale-rosakvartsperler-og-forgyldte-blade\/#primaryimage"},"thumbnailUrl":"https:\/\/homemadeby.dk\/wp-content\/uploads\/2022\/12\/FG-oerekroge-med-kaede-75-mm-med-facetterede-aflange-perler-af-rosakvarts-og-forgyldte-filigranblade.jpeg","datePublished":"2022-12-12T21:28:05+00:00","dateModified":"2025-10-05T21:09:15+00:00","description":"\u00d8rekroge med k\u00e6de af 18 karat forgyldt 925 sterlings\u00f8lv med fine, facetterede ovale rosakvartsperler og forgyldte messingblade. Lette og elegante.","breadcrumb":{"@id":"https:\/\/homemadeby.dk\/index.php\/product\/oerekroge-med-kaede-og-facetterede-ovale-rosakvartsperler-og-forgyldte-blade\/#breadcrumb"},"inLanguage":"da-DK","potentialAction":[{"@type":"ReadAction","target":["https:\/\/homemadeby.dk\/index.php\/product\/oerekroge-med-kaede-og-facetterede-ovale-rosakvartsperler-og-forgyldte-blade\/"]}]},{"@type":"ImageObject","inLanguage":"da-DK","@id":"https:\/\/homemadeby.dk\/index.php\/product\/oerekroge-med-kaede-og-facetterede-ovale-rosakvartsperler-og-forgyldte-blade\/#primaryimage","url":"https:\/\/homemadeby.dk\/wp-content\/uploads\/2022\/12\/FG-oerekroge-med-kaede-75-mm-med-facetterede-aflange-perler-af-rosakvarts-og-forgyldte-filigranblade.jpeg","contentUrl":"https:\/\/homemadeby.dk\/wp-content\/uploads\/2022\/12\/FG-oerekroge-med-kaede-75-mm-med-facetterede-aflange-perler-af-rosakvarts-og-forgyldte-filigranblade.jpeg","width":1024,"height":1024,"caption":"\u00d8rekroge med k\u00e6de og facetterede ovale rosakvartsperler og forgyldte blade - h\u00e5ndlavet af Homemade By"},{"@type":"BreadcrumbList","@id":"https:\/\/homemadeby.dk\/index.php\/product\/oerekroge-med-kaede-og-facetterede-ovale-rosakvartsperler-og-forgyldte-blade\/#breadcrumb","itemListElement":[{"@type":"ListItem","position":1,"name":"Hjem","item":"https:\/\/homemadeby.dk\/"},{"@type":"ListItem","position":2,"name":"Varer","item":"https:\/\/homemadeby.dk\/index.php\/shop\/"},{"@type":"ListItem","position":3,"name":"\u00d8rekroge med k\u00e6de og facetterede ovale rosakvartsperler og forgyldte blade"}]},{"@type":"WebSite","@id":"https:\/\/homemadeby.dk\/#website","url":"https:\/\/homemadeby.dk\/","name":"Homemade By","description":"Designer, producerer og s\u00e6lger hjemmelavet kvalitetsh\u00e5ndv\u00e6rk, fx smykker, interi\u00f8r, pynt og gaveartikler","publisher":{"@id":"https:\/\/homemadeby.dk\/#organization"},"potentialAction":[{"@type":"SearchAction","target":{"@type":"EntryPoint","urlTemplate":"https:\/\/homemadeby.dk\/?s={search_term_string}"},"query-input":{"@type":"PropertyValueSpecification","valueRequired":true,"valueName":"search_term_string"}}],"inLanguage":"da-DK"},{"@type":"Organization","@id":"https:\/\/homemadeby.dk\/#organization","name":"HomemadeBy","url":"https:\/\/homemadeby.dk\/","logo":{"@type":"ImageObject","inLanguage":"da-DK","@id":"https:\/\/homemadeby.dk\/#\/schema\/logo\/image\/","url":"https:\/\/homemadeby.dk\/wp-content\/uploads\/2021\/09\/Logo_green.png","contentUrl":"https:\/\/homemadeby.dk\/wp-content\/uploads\/2021\/09\/Logo_green.png","width":65,"height":58,"caption":"HomemadeBy"},"image":{"@id":"https:\/\/homemadeby.dk\/#\/schema\/logo\/image\/"},"sameAs":["https:\/\/www.facebook.com\/homemadebydotdk","https:\/\/www.instagram.com\/homemadeby.dk\/"]}]}},"_links":{"self":[{"href":"https:\/\/homemadeby.dk\/index.php\/wp-json\/wp\/v2\/product\/4047","targetHints":{"allow":["GET"]}}],"collection":[{"href":"https:\/\/homemadeby.dk\/index.php\/wp-json\/wp\/v2\/product"}],"about":[{"href":"https:\/\/homemadeby.dk\/index.php\/wp-json\/wp\/v2\/types\/product"}],"wp:featuredmedia":[{"embeddable":true,"href":"https:\/\/homemadeby.dk\/index.php\/wp-json\/wp\/v2\/media\/6911"}],"wp:attachment":[{"href":"https:\/\/homemadeby.dk\/index.php\/wp-json\/wp\/v2\/media?parent=4047"}],"wp:term":[{"taxonomy":"product_brand","embeddable":true,"href":"https:\/\/homemadeby.dk\/index.php\/wp-json\/wp\/v2\/product_brand?post=4047"},{"taxonomy":"product_cat","embeddable":true,"href":"https:\/\/homemadeby.dk\/index.php\/wp-json\/wp\/v2\/product_cat?post=4047"},{"taxonomy":"product_tag","embeddable":true,"href":"https:\/\/homemadeby.dk\/index.php\/wp-json\/wp\/v2\/product_tag?post=4047"}],"curies":[{"name":"wp","href":"https:\/\/api.w.org\/{rel}","templated":true}]}}